{"id":289,"date":"2019-01-10T14:10:48","date_gmt":"2019-01-10T14:10:48","guid":{"rendered":"http:\/\/club-neuenkirchener-narren.de\/?page_id=289"},"modified":"2020-01-18T20:26:59","modified_gmt":"2020-01-18T20:26:59","slug":"ueber-uns","status":"publish","type":"page","link":"https:\/\/club-neuenkirchener-narren.de\/?page_id=289","title":{"rendered":"\u00dcber Uns"},"content":{"rendered":"\n<div class=\"wp-block-image\"><figure class=\"aligncenter is-resized\"><img loading=\"lazy\" decoding=\"async\" src=\"https:\/\/club-neuenkirchener-narren.de\/wp-content\/uploads\/2019\/01\/CNN-Logo.jpg\" alt=\"\" class=\"wp-image-9\" width=\"181\" height=\"181\" srcset=\"https:\/\/club-neuenkirchener-narren.de\/wp-content\/uploads\/2019\/01\/CNN-Logo.jpg 960w, https:\/\/club-neuenkirchener-narren.de\/wp-content\/uploads\/2019\/01\/CNN-Logo-150x150.jpg 150w, https:\/\/club-neuenkirchener-narren.de\/wp-content\/uploads\/2019\/01\/CNN-Logo-300x300.jpg 300w, https:\/\/club-neuenkirchener-narren.de\/wp-content\/uploads\/2019\/01\/CNN-Logo-768x768.jpg 768w, https:\/\/club-neuenkirchener-narren.de\/wp-content\/uploads\/2019\/01\/CNN-Logo-100x100.jpg 100w\" sizes=\"auto, (max-width: 181px) 100vw, 181px\" \/><\/figure><\/div>\n\n\n\n<p><strong>Der CNN &#8211; Club Neuenkirchener Narren<br><br><\/strong>Zusammengestellt von Frank Oevermann und Markus Heine<br><br>Karneval feiern in Damme &#8211; dazu haben sich schon immer einige Narren aus Grapperhausen und Umgebung hinrei\u00dfen lassen. So kam es in den fr\u00fchen 80ern dazu, da\u00df sich einige feier-freudige Leute aus Damme und Grapperhausen fanden, um als Gruppe am Dammer Karnevalsumzug teilzunehmen. Einen Namen f\u00fcr die lustige Truppe hatte man schnell gefunden, man nannte sich schlicht &#8222;Gruppe Damme-Grapperhausen&#8220;, da das Gros der Teilnehmer aus den genannten Orten stammte.<br><br>Mit achtbaren Erfolgen und mit sehr viel Spa\u00df nahm man regelm\u00e4\u00dfig am Dammer Karneval teil. Urkunden fanden in der Kneipe Josef H\u00f6debeck in Nellinghof ihren Platz. Im Laufe der Jahre wechselten die Mitglieder &#8211; es kamen j\u00fcngere hinzu, es schieden \u00e4ltere aus &#8211; und so kam es zum vorhersehbaren &#8222;Generations- und Interessenskonflikt&#8220; innerhalb der Gruppe. Die Differenzen hatten dann 1988 einen Split zur Folge. Der &#8222;\u00e4ltere&#8220; Teil der Gruppe machte als &#8222;Die Drollinge&#8220; weiter, der &#8222;j\u00fcngere&#8220;, aus dem der sp\u00e4tere CNN hervorging, behielt vorerst den Namen &#8222;Gruppe Damme-Grapperhausen&#8220; und nahm auch weiterhin am Dammer Karneval teil. Als neues Vereinslokal wurde die Gastst\u00e4tte &#8222;Zum Hollotal&#8220; (Inh. Josef Kruse) in Grapperhausen auserkoren.<br><br><strong>Die Prinzenwahl<br><br><\/strong>Dienstags nach dem Karneval wurde traditionell der Umzugswagen abgeschm\u00fcckt und Bilanz gezogen. 1992 fand man sich zu diesem Zwecke in den R\u00e4umlichkeiten der ehemaligen &#8222;Schneiderei Oevermann&#8220; ein. Bei dieser Veranstaltung kam die Idee, man k\u00f6nne doch mit Hilfe eines &#8222;Losverfahrens&#8220; einen eigenen Karnevalsprinzen &#8222;bestimmen&#8220;. Es wurden die Namen der damals 21 Mitglieder von der &#8222;Lottofee&#8220; Jutta Oevermann auf eine Tafel geschrieben, und sie versah jeden Namen mit einer Ziffer von 1 bis 21. Nur sie wu\u00dfte, welcher Name welcher Ziffer zugeordnet war. Die erste genannte Zahl und die zugeordnete Person wurden nun von der Liste gestrichen. Danach durfte die Person, die gerade aus der Liste gestrichen worden war, eine Ziffer nennen. Der dazugeh\u00f6rige Name wurde ebenfalls von Jutta bekanntgegeben und gestrichen, etc.<br><br>Als Drittletzter im Bunde wurde Wilfried Kolhosser von der Gesamtmitgliedsliste &#8222;gestrichen&#8220;, was bedeutete, da\u00df &#8222;Wille&#8220; als erster Hofnarr feststand. Die Entscheidung, wer nun als erster Prinz der Karnevalsgruppe &#8222;Damme-Grapperhausen&#8220; das Zepter schwingen w\u00fcrde, fiel zwischen Werner Quebbemann und Norbert Landwehr, wobei letzterer als erster Prinz unseres Karnevalsclubs &#8222;in die Geschichte&#8220; einging. Werner mu\u00dfte sich mit dem Amt des Adjudanten &#8222;begn\u00fcgen&#8220;. Ein Prinz und ein neuer Wahlmodus waren gefunden. Norbert erf\u00fcllte diesen &#8222;Job&#8220; mit soviel Engagement und Enthusiasmus, da\u00df wir seitdem allj\u00e4hrlich am Dienstag nach dem Dammer Karneval unsere Prinzenwahl veranstalten. Der amtierende Prinz bzw. sein Adjudant sorgt zu diesem Zweck f\u00fcr die R\u00e4umlichkeiten, in denen die &#8222;Lottofee&#8220; ihres Amtes walten kann und alle Mitglieder bangen d\u00fcrfen.<br><br>Der neue Prinz mu\u00dfte nun der breiten \u00d6ffentlichkeit vorgestellt werden. Man organisierte Taxen und angefangen bei Josef Kruse wurden gezielt Neuenkirchener Kneipen und Gastst\u00e4tten angefahren und bis in die Nacht gefeiert. Auch diese Tour wurde schnell zur Vereinstradition. &#8222;Ein Prinz braucht ein Fest&#8220;, sagten wir uns und veranstalteten eine Karnevalsparty in der Nellinghofer Sch\u00fctzenhalle. S\u00e4mtliche G\u00e4ste waren verkleidet, und die Stimmung war riesig. Hier bekam das Dreigestirn einen w\u00fcrdigen Einmarsch.Im folgenden Jahr, 1993, wurde diese Party in der H\u00f6rstener Sch\u00fctzenhalle mit \u00e4hnlichem Erfolg veranstaltet, und auch hier hatten unsere W\u00fcrdentr\u00e4ger ihren Auftritt.<\/p>\n\n\n\n<p><\/p>\n\n\n\n<p><strong>Die Galasitzungen<br><br><\/strong>Die karnevalistischen Aktivit\u00e4ten unserer Mitglieder beschr\u00e4nkten sich nicht nur auf den Umzug in Damme, sondern es wurden auch diverse Karnevalssitzungen in der Umgebung besucht. Dieses hatte zur Folge, da\u00df man 1993 die Idee hatte, den Karneval in Grapperhausen wieder aufleben zu lassen und eine eigene Galasitzung zu veranstalten. Dazu ben\u00f6tigten die feierfreudigen Narren allerdings einen neuen Namen. In Anlehnung an einen amerikanischen Nachrichtensender nannte man sich kurzerhand CNN &#8211; Club Neuenkirchener Narren, denn Nachrichten sollten auch hier verk\u00fcndet werden. Das ganze sollte eine Mischung aus Comedy und &#8222;Stunksitzung&#8220; werden und keine bierernste Sitzung, wie beispielsweise in Mainz. Es war auch nie das Ziel mit anderen Sitzungen zu konkurrieren. Im gro\u00dfen und ganzen sollte es nur eine Spa\u00dfveranstaltung f\u00fcr alle werden. Der Stein war ins Rollen geraten &#8230;<br><br>Die R\u00e4umlichkeiten waren kein Problem, schlie\u00dflich hatte Josef Kruse einen sch\u00f6nen Saal aufzuweisen. Auch die Suche nach Akteuren f\u00fcr die Sitzung erwies sich als unproblematisch. Alle Mitglieder zogen an einem Strang, jeder \u00fcbernahm den Part, f\u00fcr den er am besten geeignet war. Lediglich f\u00fcr das Damenballett holte man sich Unterst\u00fctzung aus Damme, vom DCC. F\u00fcr die musikalische Untermalung des Abends sorgte die Dinklager Band &#8222;Bossanova&#8220;, was sich im nachhinein als Gl\u00fccksgriff herausstellte. Am 28. Januar <a href=\"http:\/\/c-n-n.de\/content\/galasitzungen\/1995\/\">1995<\/a> um 20 Uhr und 1 x 11 Minuten war es dann schlie\u00dflich so weit, die 1. CNN-Galasitzung konnte beginnen. Die Stimmung war super, die Veranstaltung ein toller Erfolg.<br><br>Was als Schnapsidee begonnen hatte, entwickelte sich schnell zum Renner. Die Nachfrage war bereits im 2. Jahr so gro\u00df, da\u00df die Karten binnen weniger Minuten im Vorverkauf vergriffen waren. Daraufhin beschlo\u00df man, die Sitzung 1997 an jeweils zwei aufeinander folgenden Abenden zu halten, was sich als richtige Entscheidung herausstellte, denn der Saal bei Josef Kruse war stets an beiden Abenden bis zum letzten Platz ausverkauft. Auch ein fester Termin f\u00fcr die Veranstaltung wurde festgesetzt, n\u00e4mlich zwei Wochen vor den Dammer Karnevalsumz\u00fcgen.<br><br>Hauptbestandteil der Sitzungen sind, wie bereits erw\u00e4hnt, Nachrichten &#8211; allerdings nicht zu ernst zu nehmende Nachrichten. Meist werden sie originell und n\u00e4rrisch verpackt und in begeisternden B\u00fcttenreden vorgetragen. Weitere wichtige Bestandteile der CNN-Galasitzungen sind auch Gesangs- und Tanznummern, wobei nicht nur die Damen bei den T\u00e4nzen des CNN-H\u00fchnerballetts auf ihre Kosten kommen. Ein Hauptgrund f\u00fcr den Erfolg der Sitzungen ist das phantastische Publikum selbst, welches weitestgehend verkleidet erscheint, was jedoch nicht verpflichtend ist. Durch die Kost\u00fcmierung wird ein lockerer Rahmen geschaffen, man kommt mehr aus sich heraus. Alle Akteure sind Neuenkirchener Eigengew\u00e4chse, sprich Laien, wie auch die meisten &#8222;Betroffenen&#8220; der B\u00fcttenreden einheimisch sind. Man nimmt sich selber jedoch nicht zu ernst und &#8222;verteilt&#8220; auch untereinander.<br><br>Musikalische Unterst\u00fctzung erfuhren wir in den ersten vier Sitzungen durch die bereits genannten &#8222;Bossanovas&#8220;, die sich 1998 leider aufgel\u00f6sten. F\u00fcr das &#8222;kleine&#8220;, f\u00fcnfj\u00e4hrige Sit-zungsjubil\u00e4um wurden 1999 die ebenfalls aus Dinklage stammenden &#8222;Mikados&#8220; verpflichtet, die ihre Sache zur &#8222;vollsten&#8220; Zufriedenheit aller Beteiligten erf\u00fcllten und unaufgefordert im Jahr 2000 auf alle F\u00e4lle wieder dabei waren.<br><br><strong>Sonstige Veranstaltungen<br><br><\/strong>Neben den Galasitzungen und der Teilnahme an den Dammer Karnevalsumz\u00fcgen veranstaltet der CNN viele andere Aktivit\u00e4ten au\u00dferhalb der Karnevalssaison, wie z.B. Bo\u00dfeltouren, Kanufahrten, Fahrradralleys etc., an denen auch schon der Narrennachwuchs teilnimmt. Der Prinz veranstaltet meistens im Sommer eine &#8222;Prinzenparty&#8220; im Sinne einer Sch\u00fctzenfestnachfeier, jedoch im legeren Rahmen. Auch Termine, wie das &#8222;Urkunden- oder Prinzenbild aufh\u00e4ngen&#8220; haben eine gro\u00dfe Tradition im Club und werden mit vollem Elan von allen Mitgliedern wahrgenommen. <\/p>\n\n\n\n<p><br><\/p>\n","protected":false},"excerpt":{"rendered":"<p>Der CNN &#8211; Club Neuenkirchener Narren Zusammengestellt von Frank Oevermann und Markus Heine Karneval feiern in Damme &#8211; dazu haben sich schon immer einige Narren aus Grapperhausen und Umgebung hinrei\u00dfen lassen. So kam es in den fr\u00fchen 80ern dazu, da\u00df sich einige feier-freudige Leute aus Damme und Grapperhausen fanden, um als Gruppe am Dammer Karnevalsumzug &hellip;<\/p>\n<p class=\"read-more\"> <a class=\"\" href=\"https:\/\/club-neuenkirchener-narren.de\/?page_id=289\"> <span class=\"screen-reader-text\">\u00dcber Uns<\/span> Weiterlesen &raquo;<\/a><\/p>\n","protected":false},"author":1,"featured_media":0,"parent":0,"menu_order":0,"comment_status":"closed","ping_status":"closed","template":"","meta":{"ngg_post_thumbnail":0,"footnotes":""},"class_list":["post-289","page","type-page","status-publish","hentry"],"_links":{"self":[{"href":"https:\/\/club-neuenkirchener-narren.de\/index.php?rest_route=\/wp\/v2\/pages\/289","targetHints":{"allow":["GET"]}}],"collection":[{"href":"https:\/\/club-neuenkirchener-narren.de\/index.php?rest_route=\/wp\/v2\/pages"}],"about":[{"href":"https:\/\/club-neuenkirchener-narren.de\/index.php?rest_route=\/wp\/v2\/types\/page"}],"author":[{"embeddable":true,"href":"https:\/\/club-neuenkirchener-narren.de\/index.php?rest_route=\/wp\/v2\/users\/1"}],"replies":[{"embeddable":true,"href":"https:\/\/club-neuenkirchener-narren.de\/index.php?rest_route=%2Fwp%2Fv2%2Fcomments&post=289"}],"version-history":[{"count":2,"href":"https:\/\/club-neuenkirchener-narren.de\/index.php?rest_route=\/wp\/v2\/pages\/289\/revisions"}],"predecessor-version":[{"id":351,"href":"https:\/\/club-neuenkirchener-narren.de\/index.php?rest_route=\/wp\/v2\/pages\/289\/revisions\/351"}],"wp:attachment":[{"href":"https:\/\/club-neuenkirchener-narren.de\/index.php?rest_route=%2Fwp%2Fv2%2Fmedia&parent=289"}],"curies":[{"name":"wp","href":"https:\/\/api.w.org\/{rel}","templated":true}]}}