{"id":18,"date":"2019-01-03T14:10:03","date_gmt":"2019-01-03T14:10:03","guid":{"rendered":"http:\/\/club-neuenkirchener-narren.de\/?page_id=18"},"modified":"2020-01-20T13:36:34","modified_gmt":"2020-01-20T13:36:34","slug":"datenschutzerklaerung","status":"publish","type":"page","link":"https:\/\/club-neuenkirchener-narren.de\/?page_id=18","title":{"rendered":"Datenschutzerkl\u00e4rung"},"content":{"rendered":"<h4>Erhebung, Verarbeitung Und Nutzung personenbezogener Daten<\/h4>\n<p>Der Schutz Ihrer Daten liegt uns am Herzen. Um unsere Website zu besuchen, m\u00fcssen Sie keine Daten angeben. Wir speichern lediglich anonymisierte Zugriffsdaten ohne Personenbezug, wie z.B. Namen Ihres Internetserviceproviders, die Seite, von der aus Sie uns besuchen oder den Namen der angeforderten Datei. Zur Datenerhebung k\u00f6nnen dabei cookies eingesetzt werden, die allerdings ebenfalls die Daten ausschlie\u00dflich in anonymer oder pseudonymer Form erheben und speichern und keinen R\u00fcckschluss auf Ihre Person erlauben.<\/p>\n<p>Personenbezogene Daten erheben wir nur, wenn Sie uns diese im Zuge des Bestellvorgangs, bei Er\u00f6ffnung eines Kundenkontos oder bei der Registrierung f\u00fcr unseren newsletter freiwillig mitteilen. Wir verwenden die erhobenen Daten ausschlie\u00dflich zur Abwicklung des Vertrages. Nach vollst\u00e4ndiger Vertragsabwicklung werden Ihre Daten gesperrt und nach Ablauf der steuer- und handelsrechtlichen Vorschriften gel\u00f6scht, sofern Sie nicht ausdr\u00fccklich einer dar\u00fcber hinausgehenden Datenverwendung zugestimmt haben. Wenn Sie sich mit Ihrer Emailadresse f\u00fcr unseren monatlichen Newsletter anmelden, nutzen wir Ihre Emailadresse f\u00fcr eigene Werbezwecke, bis Sie sich vom newsletter-Bezug abmelden.<\/p>\n<h4>Datensicherheit<\/h4>\n<p>Ihre personenbezogenen Daten sind bei uns sicher! Sie werden verschl\u00fcsselt \u00fcbertragen. Unsere Webseiten sind durch technische Ma\u00dfnahmen gegen Besch\u00e4digung, Zerst\u00f6rung, unberechtigten Zugriff gesch\u00fctzt.<\/p>\n<h4>Auskunfts- &amp; Widerrufsrecht<\/h4>\n<p>Sie erhalten jederzeit ohne Angaben von Gr\u00fcnden kostenfrei Auskunft \u00fcber Ihre bei uns gespeicherten Daten. Sie k\u00f6nnen jederzeit Ihre bei uns erhobenen Daten sperren, berichtigen oder l\u00f6schen lassen. Sie k\u00f6nnen jederzeit die uns erteilten Einwilligung zur Datenerhebung und Verwendung ohne Angaben von Gr\u00fcnden widerrufen. Wenden Sie sich dazu an<a href=\"mailto:info@c-n-n.de\"> info@c-n-n.de<\/a><\/p>\n","protected":false},"excerpt":{"rendered":"<p>Erhebung, Verarbeitung Und Nutzung personenbezogener Daten Der Schutz Ihrer Daten liegt uns am Herzen. Um unsere Website zu besuchen, m\u00fcssen Sie keine Daten angeben. Wir speichern lediglich anonymisierte Zugriffsdaten ohne Personenbezug, wie z.B. Namen Ihres Internetserviceproviders, die Seite, von der aus Sie uns besuchen oder den Namen der angeforderten Datei. Zur Datenerhebung k\u00f6nnen dabei cookies &hellip;<\/p>\n<p class=\"read-more\"> <a class=\"\" href=\"https:\/\/club-neuenkirchener-narren.de\/?page_id=18\"> <span class=\"screen-reader-text\">Datenschutzerkl\u00e4rung<\/span> Weiterlesen &raquo;<\/a><\/p>\n","protected":false},"author":1,"featured_media":0,"parent":0,"menu_order":0,"comment_status":"closed","ping_status":"closed","template":"","meta":{"ngg_post_thumbnail":0,"footnotes":""},"class_list":["post-18","page","type-page","status-publish","hentry"],"_links":{"self":[{"href":"https:\/\/club-neuenkirchener-narren.de\/index.php?rest_route=\/wp\/v2\/pages\/18","targetHints":{"allow":["GET"]}}],"collection":[{"href":"https:\/\/club-neuenkirchener-narren.de\/index.php?rest_route=\/wp\/v2\/pages"}],"about":[{"href":"https:\/\/club-neuenkirchener-narren.de\/index.php?rest_route=\/wp\/v2\/types\/page"}],"author":[{"embeddable":true,"href":"https:\/\/club-neuenkirchener-narren.de\/index.php?rest_route=\/wp\/v2\/users\/1"}],"replies":[{"embeddable":true,"href":"https:\/\/club-neuenkirchener-narren.de\/index.php?rest_route=%2Fwp%2Fv2%2Fcomments&post=18"}],"version-history":[{"count":8,"href":"https:\/\/club-neuenkirchener-narren.de\/index.php?rest_route=\/wp\/v2\/pages\/18\/revisions"}],"predecessor-version":[{"id":386,"href":"https:\/\/club-neuenkirchener-narren.de\/index.php?rest_route=\/wp\/v2\/pages\/18\/revisions\/386"}],"wp:attachment":[{"href":"https:\/\/club-neuenkirchener-narren.de\/index.php?rest_route=%2Fwp%2Fv2%2Fmedia&parent=18"}],"curies":[{"name":"wp","href":"https:\/\/api.w.org\/{rel}","templated":true}]}}